{"id":5942,"date":"2026-05-09T19:12:01","date_gmt":"2026-05-09T19:12:01","guid":{"rendered":"https:\/\/perfumaessence.com\/?post_type=product&#038;p=5942"},"modified":"2026-05-10T00:45:03","modified_gmt":"2026-05-10T00:45:03","slug":"bundle-product-test","status":"publish","type":"product","link":"https:\/\/perfumaessence.com\/ary\/product\/bundle-product-test\/","title":{"rendered":"bundle product test"},"content":{"rendered":"<div data-elementor-type=\"wp-post\" data-elementor-id=\"5942\" class=\"elementor elementor-5942\">\n\t\t\t\t<div class=\"elementor-element elementor-element-48961e6 e-flex e-con-boxed e-con e-parent\" data-id=\"48961e6\" data-element_type=\"container\" data-e-type=\"container\">\n\t\t\t\t\t<div class=\"e-con-inner\">\n\t\t\t\t<div class=\"elementor-element elementor-element-3d56a7a elementor-widget elementor-widget-heading\" data-id=\"3d56a7a\" data-element_type=\"widget\" data-e-type=\"widget\" data-widget_type=\"heading.default\">\n\t\t\t\t\t<h1 class=\"elementor-heading-title elementor-size-default\">L'essence de <i style=\"color:#B8873A\">votre personnalit\u00e9<\/i>\nen trois parfums.<\/h1>\t\t\t\t<\/div>\n\t\t\t\t<div class=\"elementor-element elementor-element-72b0e18 elementor-widget elementor-widget-text-editor\" data-id=\"72b0e18\" data-element_type=\"widget\" data-e-type=\"widget\" data-widget_type=\"text-editor.default\">\n\t\t\t\t\t\t\t\t\t<p>Choisissez votre flacon parmi trois fragrances luxueuses. Une exp\u00e9rience sensorielle con\u00e7ue pour celles et ceux qui refusent de se contenter de l\u2019ordinaire.<\/p>\t\t\t\t\t\t\t\t<\/div>\n\t\t\t\t\t<\/div>\n\t\t\t\t<\/div>\n\t\t<div class=\"elementor-element elementor-element-6d4fc6d e-con-full e-flex e-con e-parent\" data-id=\"6d4fc6d\" data-element_type=\"container\" data-e-type=\"container\" data-settings=\"{&quot;background_background&quot;:&quot;classic&quot;}\">\n\t\t\t\t<div class=\"elementor-element elementor-element-c13f3af elementor-widget elementor-widget-heading\" data-id=\"c13f3af\" data-element_type=\"widget\" data-e-type=\"widget\" data-widget_type=\"heading.default\">\n\t\t\t\t\t<span class=\"elementor-heading-title elementor-size-default\">Identit\u00e9 aromatique<\/span>\t\t\t\t<\/div>\n\t\t\t\t<div class=\"elementor-element elementor-element-185916f elementor-widget elementor-widget-heading\" data-id=\"185916f\" data-element_type=\"widget\" data-e-type=\"widget\" data-widget_type=\"heading.default\">\n\t\t\t\t\t<h2 class=\"elementor-heading-title elementor-size-default\">Le parfum ne se porte pas,\n<i style=\"color:#c9a96e\">il est annonc\u00e9.<\/i><\/h2>\t\t\t\t<\/div>\n\t\t\t\t<div class=\"elementor-element elementor-element-9078a79 elementor-widget__width-initial elementor-widget elementor-widget-text-editor\" data-id=\"9078a79\" data-element_type=\"widget\" data-e-type=\"widget\" data-widget_type=\"text-editor.default\">\n\t\t\t\t\t\t\t\t\t<p>\u00ab Le parfum que vous choisissez est la premi\u00e8re chose que les autres remarquent chez vous \u2014 avant vos paroles, avant m\u00eame votre sourire. \u00bb<\/p>\t\t\t\t\t\t\t\t<\/div>\n\t\t\t\t<div class=\"elementor-element elementor-element-b11c6bc elementor-widget elementor-widget-text-editor\" data-id=\"b11c6bc\" data-element_type=\"widget\" data-e-type=\"widget\" data-widget_type=\"text-editor.default\">\n\t\t\t\t\t\t\t\t\t<p>Le parfum que vous choisissez en dit long sur votre personnalit\u00e9, votre raffinement et votre pr\u00e9sence. Il accompagne chaque rencontre, laissant une empreinte ind\u00e9l\u00e9bile. Bien plus qu\u2019un simple accessoire, c\u2019est une affirmation silencieuse d\u2019\u00e9l\u00e9gance et de confiance.<\/p>\t\t\t\t\t\t\t\t<\/div>\n\t\t\t\t<\/div>\n\t\t\t\t<\/div>","protected":false},"excerpt":{"rendered":"<p>L\u2019essence de votre personnalit\u00e9 en trois parfums. Choisissez votre flacon parmi trois fragrances luxueuses. Une exp\u00e9rience sensorielle con\u00e7ue pour celles et ceux qui refusent de se contenter de l\u2019ordinaire. Identit\u00e9 aromatique Le parfum ne se porte pas, il est annonc\u00e9. \u00ab Le parfum que vous choisissez est la premi\u00e8re chose [&hellip;]<\/p>\n","protected":false},"featured_media":4302,"comment_status":"closed","ping_status":"closed","template":"","meta":[],"product_brand":[],"product_cat":[15],"product_tag":[],"class_list":{"0":"post-5942","1":"product","2":"type-product","3":"status-publish","4":"has-post-thumbnail","6":"product_cat-uncategorized","8":"first","9":"instock","10":"sale","11":"taxable","12":"shipping-taxable","13":"purchasable","14":"product-type-easy_product_bundle"},"_links":{"self":[{"href":"https:\/\/perfumaessence.com\/ary\/wp-json\/wp\/v2\/product\/5942","targetHints":{"allow":["GET"]}}],"collection":[{"href":"https:\/\/perfumaessence.com\/ary\/wp-json\/wp\/v2\/product"}],"about":[{"href":"https:\/\/perfumaessence.com\/ary\/wp-json\/wp\/v2\/types\/product"}],"replies":[{"embeddable":true,"href":"https:\/\/perfumaessence.com\/ary\/wp-json\/wp\/v2\/comments?post=5942"}],"version-history":[{"count":6,"href":"https:\/\/perfumaessence.com\/ary\/wp-json\/wp\/v2\/product\/5942\/revisions"}],"predecessor-version":[{"id":5962,"href":"https:\/\/perfumaessence.com\/ary\/wp-json\/wp\/v2\/product\/5942\/revisions\/5962"}],"wp:featuredmedia":[{"embeddable":true,"href":"https:\/\/perfumaessence.com\/ary\/wp-json\/wp\/v2\/media\/4302"}],"wp:attachment":[{"href":"https:\/\/perfumaessence.com\/ary\/wp-json\/wp\/v2\/media?parent=5942"}],"wp:term":[{"taxonomy":"product_brand","embeddable":true,"href":"https:\/\/perfumaessence.com\/ary\/wp-json\/wp\/v2\/product_brand?post=5942"},{"taxonomy":"product_cat","embeddable":true,"href":"https:\/\/perfumaessence.com\/ary\/wp-json\/wp\/v2\/product_cat?post=5942"},{"taxonomy":"product_tag","embeddable":true,"href":"https:\/\/perfumaessence.com\/ary\/wp-json\/wp\/v2\/product_tag?post=5942"}],"curies":[{"name":"wp","href":"https:\/\/api.w.org\/{rel}","templated":true}]}}