{"id":5789,"date":"2026-03-17T11:23:40","date_gmt":"2026-03-17T11:23:40","guid":{"rendered":"https:\/\/perfumaessence.com\/product\/prince-oud-parfum-boise-fume-inspire-par-ameer-al-oudh-de-lattafa-perfumes\/"},"modified":"2026-04-03T05:37:41","modified_gmt":"2026-04-03T05:37:41","slug":"prince-oud-parfum-boise-fume-inspire-par-ameer-al-oudh-de-lattafa-perfumes","status":"publish","type":"product","link":"https:\/\/perfumaessence.com\/ary\/product\/prince-oud-parfum-boise-fume-inspire-par-ameer-al-oudh-de-lattafa-perfumes\/","title":{"rendered":"\u0628\u0631\u0646\u0633 \u0639\u0648\u062f \u2013 \u0639\u0637\u0631 \u062e\u0634\u0628\u064a \u0645\u062f\u062e\u0646 \u0645\u0633\u062a\u0648\u062d\u0649 \u0645\u0646 \u0623\u0645\u064a\u0631 \u0627\u0644\u0639\u0648\u062f \u0645\u0646 \u0644\u0637\u0627\u0641\u0629 \u0644\u0644\u0639\u0637\u0648\u0631"},"content":{"rendered":"<p>\u0623\u0645\u064a\u0631 \u0627\u0644\u0639\u0648\u062f \u2014 \u0623\u062e\u0634\u0627\u0628 \u0645\u062f\u062e\u0646\u0629 \u0648\u0639\u0646\u0628\u0631 \u062d\u0644\u0648 \u0644\u062d\u0636\u0648\u0631 \u0645\u0647\u064a\u0628 \u064a\u0641\u0631\u0636 \u0646\u0641\u0633\u0647 \u0628\u0646\u0628\u0644. \u0628\u0631\u0646\u0633 \u0639\u0648\u062f \u0639\u0637\u0631 \u062e\u0634\u0628\u064a \"\u0646\u064a\u0634\" \u0644\u0644\u062c\u0646\u0633\u064a\u0646 \u0628\u0646\u0648\u062a\u0627\u062a \u0627\u0644\u0639\u0648\u062f\u060c \u0627\u0644\u0639\u0646\u0628\u0631 \u0648\u0627\u0644\u0645\u0633\u0643 \u0628\u063a\u0646\u0649 \u0645\u0644\u0643\u064a. \u0639\u0637\u0631 \u0645\u0631\u0643\u0632 \u0644\u0644\u062c\u0646\u0633\u064a\u0646 \u0644\u0644\u0634\u062e\u0635\u064a\u0627\u062a \u0627\u0644\u062a\u064a \u062a\u0628\u062d\u062b \u0639\u0646 \u0639\u0637\u0631 \u064a\u0631\u0642\u0649 \u0644\u0645\u0633\u062a\u0648\u0649 \u0641\u062e\u0627\u0645\u062a\u0647\u0627.<\/p>","protected":false},"excerpt":{"rendered":"<p>Le prince de l&rsquo;oud \u2014 bois fum\u00e9s et ambre sucr\u00e9 pour une pr\u00e9sence majestueuse qui s&rsquo;impose avec noblesse. Prince Oud est un parfum bois\u00e9 unisexe niche aux notes de oud, ambre et musc d&rsquo;une richesse royale. Une fragrance unisexe intense pour les personnalit\u00e9s qui exigent un parfum \u00e0 la hauteur [&hellip;]<\/p>\n","protected":false},"featured_media":5666,"comment_status":"open","ping_status":"closed","template":"","meta":{"om_disable_all_campaigns":false,"_monsterinsights_skip_tracking":false,"_monsterinsights_sitenote_active":false,"_monsterinsights_sitenote_note":"","_monsterinsights_sitenote_category":0},"product_brand":[139],"product_cat":[55,38],"product_tag":[102,117],"class_list":{"0":"post-5789","1":"product","2":"type-product","3":"status-publish","4":"has-post-thumbnail","6":"product_brand-24-lattafa-perfumes","7":"product_cat-femme","8":"product_cat-homme","9":"product_tag-2-boise","10":"product_tag-8-unisexe-niche-intense","12":"first","13":"instock","14":"taxable","15":"shipping-taxable","16":"purchasable","17":"product-type-simple"},"_links":{"self":[{"href":"https:\/\/perfumaessence.com\/ary\/wp-json\/wp\/v2\/product\/5789","targetHints":{"allow":["GET"]}}],"collection":[{"href":"https:\/\/perfumaessence.com\/ary\/wp-json\/wp\/v2\/product"}],"about":[{"href":"https:\/\/perfumaessence.com\/ary\/wp-json\/wp\/v2\/types\/product"}],"replies":[{"embeddable":true,"href":"https:\/\/perfumaessence.com\/ary\/wp-json\/wp\/v2\/comments?post=5789"}],"version-history":[{"count":0,"href":"https:\/\/perfumaessence.com\/ary\/wp-json\/wp\/v2\/product\/5789\/revisions"}],"wp:featuredmedia":[{"embeddable":true,"href":"https:\/\/perfumaessence.com\/ary\/wp-json\/wp\/v2\/media\/5666"}],"wp:attachment":[{"href":"https:\/\/perfumaessence.com\/ary\/wp-json\/wp\/v2\/media?parent=5789"}],"wp:term":[{"taxonomy":"product_brand","embeddable":true,"href":"https:\/\/perfumaessence.com\/ary\/wp-json\/wp\/v2\/product_brand?post=5789"},{"taxonomy":"product_cat","embeddable":true,"href":"https:\/\/perfumaessence.com\/ary\/wp-json\/wp\/v2\/product_cat?post=5789"},{"taxonomy":"product_tag","embeddable":true,"href":"https:\/\/perfumaessence.com\/ary\/wp-json\/wp\/v2\/product_tag?post=5789"}],"curies":[{"name":"wp","href":"https:\/\/api.w.org\/{rel}","templated":true}]}}