{"id":5784,"date":"2026-03-17T11:23:39","date_gmt":"2026-03-17T11:23:39","guid":{"rendered":"https:\/\/perfumaessence.com\/product\/wujud-parfum-floral-boise-inspire-par-my-way-de-giorgio-armani\/"},"modified":"2026-04-03T05:37:41","modified_gmt":"2026-04-03T05:37:41","slug":"wujud-parfum-floral-boise-inspire-par-my-way-de-giorgio-armani","status":"publish","type":"product","link":"https:\/\/perfumaessence.com\/ary\/product\/wujud-parfum-floral-boise-inspire-par-my-way-de-giorgio-armani\/","title":{"rendered":"Wujud \u2013 Parfum floral bois\u00e9 inspir\u00e9 par My Way de Giorgio Armani"},"content":{"rendered":"<p>L&rsquo;existence affirm\u00e9e \u2014 des floraux blancs et une vanille cr\u00e9meuse qui c\u00e9l\u00e8brent la pr\u00e9sence unique d&rsquo;une femme accomplie. Wujud est un parfum floral bois\u00e9 f\u00e9minin luxueux aux notes de jasmin, c\u00e8dre et vanille d&rsquo;une sophistication absolue. Un parfum femme de luxe pour sublimer chaque moment de la vie.<\/p>","protected":false},"excerpt":{"rendered":"<p>L&rsquo;existence affirm\u00e9e \u2014 des floraux blancs et une vanille cr\u00e9meuse qui c\u00e9l\u00e8brent la pr\u00e9sence unique d&rsquo;une femme accomplie. Wujud est un parfum floral bois\u00e9 f\u00e9minin luxueux aux notes de jasmin, c\u00e8dre et vanille d&rsquo;une sophistication absolue. Un parfum femme de luxe pour sublimer chaque moment de la vie.<\/p>","protected":false},"featured_media":5678,"comment_status":"open","ping_status":"closed","template":"","meta":{"om_disable_all_campaigns":false,"_monsterinsights_skip_tracking":false,"_monsterinsights_sitenote_active":false,"_monsterinsights_sitenote_note":"","_monsterinsights_sitenote_category":0},"product_brand":[127],"product_cat":[55],"product_tag":[112,101],"class_list":{"0":"post-5784","1":"product","2":"type-product","3":"status-publish","4":"has-post-thumbnail","6":"product_brand-12-giorgio-armani","7":"product_cat-femme","8":"product_tag-3-feminin-luxe-signature","9":"product_tag-1-floral","11":"first","12":"instock","13":"taxable","14":"shipping-taxable","15":"purchasable","16":"product-type-simple"},"_links":{"self":[{"href":"https:\/\/perfumaessence.com\/ary\/wp-json\/wp\/v2\/product\/5784","targetHints":{"allow":["GET"]}}],"collection":[{"href":"https:\/\/perfumaessence.com\/ary\/wp-json\/wp\/v2\/product"}],"about":[{"href":"https:\/\/perfumaessence.com\/ary\/wp-json\/wp\/v2\/types\/product"}],"replies":[{"embeddable":true,"href":"https:\/\/perfumaessence.com\/ary\/wp-json\/wp\/v2\/comments?post=5784"}],"version-history":[{"count":0,"href":"https:\/\/perfumaessence.com\/ary\/wp-json\/wp\/v2\/product\/5784\/revisions"}],"wp:featuredmedia":[{"embeddable":true,"href":"https:\/\/perfumaessence.com\/ary\/wp-json\/wp\/v2\/media\/5678"}],"wp:attachment":[{"href":"https:\/\/perfumaessence.com\/ary\/wp-json\/wp\/v2\/media?parent=5784"}],"wp:term":[{"taxonomy":"product_brand","embeddable":true,"href":"https:\/\/perfumaessence.com\/ary\/wp-json\/wp\/v2\/product_brand?post=5784"},{"taxonomy":"product_cat","embeddable":true,"href":"https:\/\/perfumaessence.com\/ary\/wp-json\/wp\/v2\/product_cat?post=5784"},{"taxonomy":"product_tag","embeddable":true,"href":"https:\/\/perfumaessence.com\/ary\/wp-json\/wp\/v2\/product_tag?post=5784"}],"curies":[{"name":"wp","href":"https:\/\/api.w.org\/{rel}","templated":true}]}}