{"id":5782,"date":"2026-03-17T11:23:39","date_gmt":"2026-03-17T11:23:39","guid":{"rendered":"https:\/\/perfumaessence.com\/product\/ichrak-parfum-floral-fruite-inspire-par-coco-mademoiselle-de-chanel\/"},"modified":"2026-04-03T05:37:41","modified_gmt":"2026-04-03T05:37:41","slug":"ichrak-parfum-floral-fruite-inspire-par-coco-mademoiselle-de-chanel","status":"publish","type":"product","link":"https:\/\/perfumaessence.com\/ary\/product\/ichrak-parfum-floral-fruite-inspire-par-coco-mademoiselle-de-chanel\/","title":{"rendered":"Ichrak \u2013 Parfum floral fruit\u00e9 inspir\u00e9 par Coco Mademoiselle de Chanel"},"content":{"rendered":"<p>Le rayonnement \u2014 une f\u00e9minit\u00e9 lumineuse et p\u00e9tillante qui laisse derri\u00e8re elle un sillage chaleureux et raffin\u00e9. Ichrak est un parfum floral f\u00e9minin aux notes fra\u00eeches et bois\u00e9es, symbole d&rsquo;\u00e9l\u00e9gance contemporaine. Un parfum femme signature id\u00e9al pour la femme moderne qui affirme sa pr\u00e9sence avec subtilit\u00e9.<\/p>","protected":false},"excerpt":{"rendered":"<p>Le rayonnement \u2014 une f\u00e9minit\u00e9 lumineuse et p\u00e9tillante qui laisse derri\u00e8re elle un sillage chaleureux et raffin\u00e9. Ichrak est un parfum floral f\u00e9minin aux notes fra\u00eeches et bois\u00e9es, symbole d&rsquo;\u00e9l\u00e9gance contemporaine. Un parfum femme signature id\u00e9al pour la femme moderne qui affirme sa pr\u00e9sence avec subtilit\u00e9.<\/p>","protected":false},"featured_media":5652,"comment_status":"open","ping_status":"closed","template":"","meta":{"om_disable_all_campaigns":false,"_monsterinsights_skip_tracking":false,"_monsterinsights_sitenote_active":false,"_monsterinsights_sitenote_note":"","_monsterinsights_sitenote_category":0},"product_brand":[120],"product_cat":[55],"product_tag":[112,101],"class_list":{"0":"post-5782","1":"product","2":"type-product","3":"status-publish","4":"has-post-thumbnail","6":"product_brand-05-chanel","7":"product_cat-femme","8":"product_tag-3-feminin-luxe-signature","9":"product_tag-1-floral","11":"first","12":"instock","13":"taxable","14":"shipping-taxable","15":"purchasable","16":"product-type-simple"},"_links":{"self":[{"href":"https:\/\/perfumaessence.com\/ary\/wp-json\/wp\/v2\/product\/5782","targetHints":{"allow":["GET"]}}],"collection":[{"href":"https:\/\/perfumaessence.com\/ary\/wp-json\/wp\/v2\/product"}],"about":[{"href":"https:\/\/perfumaessence.com\/ary\/wp-json\/wp\/v2\/types\/product"}],"replies":[{"embeddable":true,"href":"https:\/\/perfumaessence.com\/ary\/wp-json\/wp\/v2\/comments?post=5782"}],"version-history":[{"count":0,"href":"https:\/\/perfumaessence.com\/ary\/wp-json\/wp\/v2\/product\/5782\/revisions"}],"wp:featuredmedia":[{"embeddable":true,"href":"https:\/\/perfumaessence.com\/ary\/wp-json\/wp\/v2\/media\/5652"}],"wp:attachment":[{"href":"https:\/\/perfumaessence.com\/ary\/wp-json\/wp\/v2\/media?parent=5782"}],"wp:term":[{"taxonomy":"product_brand","embeddable":true,"href":"https:\/\/perfumaessence.com\/ary\/wp-json\/wp\/v2\/product_brand?post=5782"},{"taxonomy":"product_cat","embeddable":true,"href":"https:\/\/perfumaessence.com\/ary\/wp-json\/wp\/v2\/product_cat?post=5782"},{"taxonomy":"product_tag","embeddable":true,"href":"https:\/\/perfumaessence.com\/ary\/wp-json\/wp\/v2\/product_tag?post=5782"}],"curies":[{"name":"wp","href":"https:\/\/api.w.org\/{rel}","templated":true}]}}