{"id":5780,"date":"2026-03-17T11:23:39","date_gmt":"2026-03-17T11:23:39","guid":{"rendered":"https:\/\/perfumaessence.com\/product\/safran-dore-parfum-oriental-fruite-inspire-par-the-one-gold-femme-de-dolcegabbana\/"},"modified":"2026-04-03T05:37:41","modified_gmt":"2026-04-03T05:37:41","slug":"safran-dore-parfum-oriental-fruite-inspire-par-the-one-gold-femme-de-dolcegabbana","status":"publish","type":"product","link":"https:\/\/perfumaessence.com\/ary\/product\/safran-dore-parfum-oriental-fruite-inspire-par-the-one-gold-femme-de-dolcegabbana\/","title":{"rendered":"Safran Dor\u00e9 \u2013 Parfum oriental fruit\u00e9 inspir\u00e9 par The One Gold Femme de Dolce&#038;Gabbana"},"content":{"rendered":"<p>Le safran, \u00e9pice pr\u00e9cieuse des souks marocains, magnifi\u00e9 dans un \u00e9crin de fruits chauds et de lumi\u00e8re dor\u00e9e. Safran Dor\u00e9 est un parfum oriental f\u00e9minin aux notes \u00e9pic\u00e9es et fruit\u00e9es d&rsquo;une richesse incomparable. Une fragrance de luxe id\u00e9ale pour les femmes qui recherchent un parfum femme intense et sophistiqu\u00e9.<\/p>","protected":false},"excerpt":{"rendered":"<p>Le safran, \u00e9pice pr\u00e9cieuse des souks marocains, magnifi\u00e9 dans un \u00e9crin de fruits chauds et de lumi\u00e8re dor\u00e9e. Safran Dor\u00e9 est un parfum oriental f\u00e9minin aux notes \u00e9pic\u00e9es et fruit\u00e9es d&rsquo;une richesse incomparable. Une fragrance de luxe id\u00e9ale pour les femmes qui recherchent un parfum femme intense et sophistiqu\u00e9.<\/p>","protected":false},"featured_media":5671,"comment_status":"open","ping_status":"closed","template":"","meta":{"om_disable_all_campaigns":false,"_monsterinsights_skip_tracking":false,"_monsterinsights_sitenote_active":false,"_monsterinsights_sitenote_note":"","_monsterinsights_sitenote_category":0},"product_brand":[100],"product_cat":[55],"product_tag":[112,103],"class_list":{"0":"post-5780","1":"product","2":"type-product","3":"status-publish","4":"has-post-thumbnail","6":"product_brand-03-dolcegabbana","7":"product_cat-femme","8":"product_tag-3-feminin-luxe-signature","9":"product_tag-3-oriental","11":"first","12":"instock","13":"taxable","14":"shipping-taxable","15":"purchasable","16":"product-type-simple"},"_links":{"self":[{"href":"https:\/\/perfumaessence.com\/ary\/wp-json\/wp\/v2\/product\/5780","targetHints":{"allow":["GET"]}}],"collection":[{"href":"https:\/\/perfumaessence.com\/ary\/wp-json\/wp\/v2\/product"}],"about":[{"href":"https:\/\/perfumaessence.com\/ary\/wp-json\/wp\/v2\/types\/product"}],"replies":[{"embeddable":true,"href":"https:\/\/perfumaessence.com\/ary\/wp-json\/wp\/v2\/comments?post=5780"}],"version-history":[{"count":0,"href":"https:\/\/perfumaessence.com\/ary\/wp-json\/wp\/v2\/product\/5780\/revisions"}],"wp:featuredmedia":[{"embeddable":true,"href":"https:\/\/perfumaessence.com\/ary\/wp-json\/wp\/v2\/media\/5671"}],"wp:attachment":[{"href":"https:\/\/perfumaessence.com\/ary\/wp-json\/wp\/v2\/media?parent=5780"}],"wp:term":[{"taxonomy":"product_brand","embeddable":true,"href":"https:\/\/perfumaessence.com\/ary\/wp-json\/wp\/v2\/product_brand?post=5780"},{"taxonomy":"product_cat","embeddable":true,"href":"https:\/\/perfumaessence.com\/ary\/wp-json\/wp\/v2\/product_cat?post=5780"},{"taxonomy":"product_tag","embeddable":true,"href":"https:\/\/perfumaessence.com\/ary\/wp-json\/wp\/v2\/product_tag?post=5780"}],"curies":[{"name":"wp","href":"https:\/\/api.w.org\/{rel}","templated":true}]}}