{"id":5779,"date":"2026-03-17T11:23:39","date_gmt":"2026-03-17T11:23:39","guid":{"rendered":"https:\/\/perfumaessence.com\/product\/secrets-blancs-parfum-floral-mysterieux-inspire-par-linterdit-de-givenchy\/"},"modified":"2026-04-03T05:37:40","modified_gmt":"2026-04-03T05:37:40","slug":"secrets-blancs-parfum-floral-mysterieux-inspire-par-linterdit-de-givenchy","status":"publish","type":"product","link":"https:\/\/perfumaessence.com\/ary\/product\/secrets-blancs-parfum-floral-mysterieux-inspire-par-linterdit-de-givenchy\/","title":{"rendered":"Secrets Blancs \u2013 Parfum floral myst\u00e9rieux inspir\u00e9 par L&rsquo;Interdit de Givenchy"},"content":{"rendered":"<p>Les secrets blancs \u2014 des floraux purs qui cachent une profondeur sombre et envo\u00fbtante, r\u00e9v\u00e9lant une f\u00e9minit\u00e9 complexe et fascinante. Secrets Blancs est un parfum floral f\u00e9minin niche aux notes blanches et bois\u00e9es d&rsquo;une intensit\u00e9 rare. Un parfum femme de caract\u00e8re pour les femmes qui cultivent leur myst\u00e8re.<\/p>","protected":false},"excerpt":{"rendered":"<p>Les secrets blancs \u2014 des floraux purs qui cachent une profondeur sombre et envo\u00fbtante, r\u00e9v\u00e9lant une f\u00e9minit\u00e9 complexe et fascinante. Secrets Blancs est un parfum floral f\u00e9minin niche aux notes blanches et bois\u00e9es d&rsquo;une intensit\u00e9 rare. Un parfum femme de caract\u00e8re pour les femmes qui cultivent leur myst\u00e8re.<\/p>","protected":false},"featured_media":5672,"comment_status":"open","ping_status":"closed","template":"","meta":{"om_disable_all_campaigns":false,"_monsterinsights_skip_tracking":false,"_monsterinsights_sitenote_active":false,"_monsterinsights_sitenote_note":"","_monsterinsights_sitenote_category":0},"product_brand":[133],"product_cat":[55],"product_tag":[111,101],"class_list":{"0":"post-5779","1":"product","2":"type-product","3":"status-publish","4":"has-post-thumbnail","6":"product_brand-18-givenchy","7":"product_cat-femme","8":"product_tag-2-feminite-forte-niche","9":"product_tag-1-floral","11":"first","12":"instock","13":"taxable","14":"shipping-taxable","15":"purchasable","16":"product-type-simple"},"_links":{"self":[{"href":"https:\/\/perfumaessence.com\/ary\/wp-json\/wp\/v2\/product\/5779","targetHints":{"allow":["GET"]}}],"collection":[{"href":"https:\/\/perfumaessence.com\/ary\/wp-json\/wp\/v2\/product"}],"about":[{"href":"https:\/\/perfumaessence.com\/ary\/wp-json\/wp\/v2\/types\/product"}],"replies":[{"embeddable":true,"href":"https:\/\/perfumaessence.com\/ary\/wp-json\/wp\/v2\/comments?post=5779"}],"version-history":[{"count":0,"href":"https:\/\/perfumaessence.com\/ary\/wp-json\/wp\/v2\/product\/5779\/revisions"}],"wp:featuredmedia":[{"embeddable":true,"href":"https:\/\/perfumaessence.com\/ary\/wp-json\/wp\/v2\/media\/5672"}],"wp:attachment":[{"href":"https:\/\/perfumaessence.com\/ary\/wp-json\/wp\/v2\/media?parent=5779"}],"wp:term":[{"taxonomy":"product_brand","embeddable":true,"href":"https:\/\/perfumaessence.com\/ary\/wp-json\/wp\/v2\/product_brand?post=5779"},{"taxonomy":"product_cat","embeddable":true,"href":"https:\/\/perfumaessence.com\/ary\/wp-json\/wp\/v2\/product_cat?post=5779"},{"taxonomy":"product_tag","embeddable":true,"href":"https:\/\/perfumaessence.com\/ary\/wp-json\/wp\/v2\/product_tag?post=5779"}],"curies":[{"name":"wp","href":"https:\/\/api.w.org\/{rel}","templated":true}]}}