{"id":5778,"date":"2026-03-17T11:23:38","date_gmt":"2026-03-17T11:23:38","guid":{"rendered":"https:\/\/perfumaessence.com\/product\/douce-rebelle-parfum-floral-cremeux-inspire-par-good-girl-de-carolina-herrera\/"},"modified":"2026-04-03T05:37:40","modified_gmt":"2026-04-03T05:37:40","slug":"douce-rebelle-parfum-floral-cremeux-inspire-par-good-girl-de-carolina-herrera","status":"publish","type":"product","link":"https:\/\/perfumaessence.com\/ary\/product\/douce-rebelle-parfum-floral-cremeux-inspire-par-good-girl-de-carolina-herrera\/","title":{"rendered":"Douce Rebelle \u2013 Parfum floral cr\u00e9meux inspir\u00e9 par Good Girl de Carolina Herrera"},"content":{"rendered":"<p>La douce rebelle \u2014 des floraux suaves sur fond cr\u00e9meux sombre pour la femme libre et audacieuse. Douce Rebelle est un parfum floral f\u00e9minin niche aux notes de jasmin, tonka et patchouli d&rsquo;un caract\u00e8re affirm\u00e9. Une fragrance f\u00e9minine forte id\u00e9ale pour celles qui osent marquer les esprits.<\/p>","protected":false},"excerpt":{"rendered":"<p>La douce rebelle \u2014 des floraux suaves sur fond cr\u00e9meux sombre pour la femme libre et audacieuse. Douce Rebelle est un parfum floral f\u00e9minin niche aux notes de jasmin, tonka et patchouli d&rsquo;un caract\u00e8re affirm\u00e9. Une fragrance f\u00e9minine forte id\u00e9ale pour celles qui osent marquer les esprits.<\/p>","protected":false},"featured_media":5649,"comment_status":"open","ping_status":"closed","template":"","meta":{"om_disable_all_campaigns":false,"_monsterinsights_skip_tracking":false,"_monsterinsights_sitenote_active":false,"_monsterinsights_sitenote_note":"","_monsterinsights_sitenote_category":0},"product_brand":[131],"product_cat":[55],"product_tag":[111,101],"class_list":{"0":"post-5778","1":"product","2":"type-product","3":"status-publish","4":"has-post-thumbnail","6":"product_brand-16-carolina-herrera","7":"product_cat-femme","8":"product_tag-2-feminite-forte-niche","9":"product_tag-1-floral","11":"first","12":"instock","13":"taxable","14":"shipping-taxable","15":"purchasable","16":"product-type-simple"},"_links":{"self":[{"href":"https:\/\/perfumaessence.com\/ary\/wp-json\/wp\/v2\/product\/5778","targetHints":{"allow":["GET"]}}],"collection":[{"href":"https:\/\/perfumaessence.com\/ary\/wp-json\/wp\/v2\/product"}],"about":[{"href":"https:\/\/perfumaessence.com\/ary\/wp-json\/wp\/v2\/types\/product"}],"replies":[{"embeddable":true,"href":"https:\/\/perfumaessence.com\/ary\/wp-json\/wp\/v2\/comments?post=5778"}],"version-history":[{"count":0,"href":"https:\/\/perfumaessence.com\/ary\/wp-json\/wp\/v2\/product\/5778\/revisions"}],"wp:featuredmedia":[{"embeddable":true,"href":"https:\/\/perfumaessence.com\/ary\/wp-json\/wp\/v2\/media\/5649"}],"wp:attachment":[{"href":"https:\/\/perfumaessence.com\/ary\/wp-json\/wp\/v2\/media?parent=5778"}],"wp:term":[{"taxonomy":"product_brand","embeddable":true,"href":"https:\/\/perfumaessence.com\/ary\/wp-json\/wp\/v2\/product_brand?post=5778"},{"taxonomy":"product_cat","embeddable":true,"href":"https:\/\/perfumaessence.com\/ary\/wp-json\/wp\/v2\/product_cat?post=5778"},{"taxonomy":"product_tag","embeddable":true,"href":"https:\/\/perfumaessence.com\/ary\/wp-json\/wp\/v2\/product_tag?post=5778"}],"curies":[{"name":"wp","href":"https:\/\/api.w.org\/{rel}","templated":true}]}}