{"id":5777,"date":"2026-03-17T11:23:38","date_gmt":"2026-03-17T11:23:38","guid":{"rendered":"https:\/\/perfumaessence.com\/product\/ombre-florale-parfum-floral-boise-inspire-par-boss-nuit-de-hugo-boss\/"},"modified":"2026-04-03T05:37:40","modified_gmt":"2026-04-03T05:37:40","slug":"ombre-florale-parfum-floral-boise-inspire-par-boss-nuit-de-hugo-boss","status":"publish","type":"product","link":"https:\/\/perfumaessence.com\/ary\/product\/ombre-florale-parfum-floral-boise-inspire-par-boss-nuit-de-hugo-boss\/","title":{"rendered":"Ombre Florale \u2013 Parfum floral bois\u00e9 inspir\u00e9 par Boss Nuit de Hugo Boss"},"content":{"rendered":"<p>L&rsquo;ombre douce d&rsquo;un floral bois\u00e9 \u2014 myst\u00e8re et gr\u00e2ce pour la femme contemporaine qui pr\u00e9f\u00e8re les sillages profonds et \u00e9l\u00e9gants. Ombre Florale est un parfum floral bois\u00e9 f\u00e9minin aux notes nocturnes raffin\u00e9es. Un parfum femme signature pour les occasions sp\u00e9ciales et les soir\u00e9es envo\u00fbtantes.<\/p>","protected":false},"excerpt":{"rendered":"<p>L&rsquo;ombre douce d&rsquo;un floral bois\u00e9 \u2014 myst\u00e8re et gr\u00e2ce pour la femme contemporaine qui pr\u00e9f\u00e8re les sillages profonds et \u00e9l\u00e9gants. Ombre Florale est un parfum floral bois\u00e9 f\u00e9minin aux notes nocturnes raffin\u00e9es. Un parfum femme signature pour les occasions sp\u00e9ciales et les soir\u00e9es envo\u00fbtantes.<\/p>","protected":false},"featured_media":5664,"comment_status":"open","ping_status":"closed","template":"","meta":{"om_disable_all_campaigns":false,"_monsterinsights_skip_tracking":false,"_monsterinsights_sitenote_active":false,"_monsterinsights_sitenote_note":"","_monsterinsights_sitenote_category":0},"product_brand":[129],"product_cat":[55],"product_tag":[111,101],"class_list":{"0":"post-5777","1":"product","2":"type-product","3":"status-publish","4":"has-post-thumbnail","6":"product_brand-14-hugo-boss","7":"product_cat-femme","8":"product_tag-2-feminite-forte-niche","9":"product_tag-1-floral","11":"first","12":"instock","13":"taxable","14":"shipping-taxable","15":"purchasable","16":"product-type-simple"},"_links":{"self":[{"href":"https:\/\/perfumaessence.com\/ary\/wp-json\/wp\/v2\/product\/5777","targetHints":{"allow":["GET"]}}],"collection":[{"href":"https:\/\/perfumaessence.com\/ary\/wp-json\/wp\/v2\/product"}],"about":[{"href":"https:\/\/perfumaessence.com\/ary\/wp-json\/wp\/v2\/types\/product"}],"replies":[{"embeddable":true,"href":"https:\/\/perfumaessence.com\/ary\/wp-json\/wp\/v2\/comments?post=5777"}],"version-history":[{"count":0,"href":"https:\/\/perfumaessence.com\/ary\/wp-json\/wp\/v2\/product\/5777\/revisions"}],"wp:featuredmedia":[{"embeddable":true,"href":"https:\/\/perfumaessence.com\/ary\/wp-json\/wp\/v2\/media\/5664"}],"wp:attachment":[{"href":"https:\/\/perfumaessence.com\/ary\/wp-json\/wp\/v2\/media?parent=5777"}],"wp:term":[{"taxonomy":"product_brand","embeddable":true,"href":"https:\/\/perfumaessence.com\/ary\/wp-json\/wp\/v2\/product_brand?post=5777"},{"taxonomy":"product_cat","embeddable":true,"href":"https:\/\/perfumaessence.com\/ary\/wp-json\/wp\/v2\/product_cat?post=5777"},{"taxonomy":"product_tag","embeddable":true,"href":"https:\/\/perfumaessence.com\/ary\/wp-json\/wp\/v2\/product_tag?post=5777"}],"curies":[{"name":"wp","href":"https:\/\/api.w.org\/{rel}","templated":true}]}}