{"id":5776,"date":"2026-03-17T11:23:38","date_gmt":"2026-03-17T11:23:38","guid":{"rendered":"https:\/\/perfumaessence.com\/product\/qamar-doux-parfum-floral-cremeux-inspire-par-la-belle-de-jean-paul-gaultier\/"},"modified":"2026-04-03T05:37:40","modified_gmt":"2026-04-03T05:37:40","slug":"qamar-doux-parfum-floral-cremeux-inspire-par-la-belle-de-jean-paul-gaultier","status":"publish","type":"product","link":"https:\/\/perfumaessence.com\/ary\/product\/qamar-doux-parfum-floral-cremeux-inspire-par-la-belle-de-jean-paul-gaultier\/","title":{"rendered":"Qamar Doux \u2013 Parfum floral cr\u00e9meux inspir\u00e9 par La Belle de Jean Paul Gaultier"},"content":{"rendered":"<p>La lune douce \u2014 une lumi\u00e8re tamis\u00e9e et cr\u00e9meuse qui descend sur les jardins de nuit marocains. Qamar Doux est un parfum floral f\u00e9minin aux accords gourmands et lact\u00e9s, doux comme une caresse nocturne. Une fragrance f\u00e9minine classique et enveloppante, parfaite pour un usage quotidien raffin\u00e9.<\/p>","protected":false},"excerpt":{"rendered":"<p>La lune douce \u2014 une lumi\u00e8re tamis\u00e9e et cr\u00e9meuse qui descend sur les jardins de nuit marocains. Qamar Doux est un parfum floral f\u00e9minin aux accords gourmands et lact\u00e9s, doux comme une caresse nocturne. Une fragrance f\u00e9minine classique et enveloppante, parfaite pour un usage quotidien raffin\u00e9.<\/p>","protected":false},"featured_media":5667,"comment_status":"open","ping_status":"closed","template":"","meta":{"om_disable_all_campaigns":false,"_monsterinsights_skip_tracking":false,"_monsterinsights_sitenote_active":false,"_monsterinsights_sitenote_note":"","_monsterinsights_sitenote_category":0},"product_brand":[121],"product_cat":[55],"product_tag":[110,101],"class_list":{"0":"post-5776","1":"product","2":"type-product","3":"status-publish","4":"has-post-thumbnail","6":"product_brand-06-jean-paul-gaultier","7":"product_cat-femme","8":"product_tag-1-feminin-classique","9":"product_tag-1-floral","11":"first","12":"instock","13":"taxable","14":"shipping-taxable","15":"purchasable","16":"product-type-simple"},"_links":{"self":[{"href":"https:\/\/perfumaessence.com\/ary\/wp-json\/wp\/v2\/product\/5776","targetHints":{"allow":["GET"]}}],"collection":[{"href":"https:\/\/perfumaessence.com\/ary\/wp-json\/wp\/v2\/product"}],"about":[{"href":"https:\/\/perfumaessence.com\/ary\/wp-json\/wp\/v2\/types\/product"}],"replies":[{"embeddable":true,"href":"https:\/\/perfumaessence.com\/ary\/wp-json\/wp\/v2\/comments?post=5776"}],"version-history":[{"count":0,"href":"https:\/\/perfumaessence.com\/ary\/wp-json\/wp\/v2\/product\/5776\/revisions"}],"wp:featuredmedia":[{"embeddable":true,"href":"https:\/\/perfumaessence.com\/ary\/wp-json\/wp\/v2\/media\/5667"}],"wp:attachment":[{"href":"https:\/\/perfumaessence.com\/ary\/wp-json\/wp\/v2\/media?parent=5776"}],"wp:term":[{"taxonomy":"product_brand","embeddable":true,"href":"https:\/\/perfumaessence.com\/ary\/wp-json\/wp\/v2\/product_brand?post=5776"},{"taxonomy":"product_cat","embeddable":true,"href":"https:\/\/perfumaessence.com\/ary\/wp-json\/wp\/v2\/product_cat?post=5776"},{"taxonomy":"product_tag","embeddable":true,"href":"https:\/\/perfumaessence.com\/ary\/wp-json\/wp\/v2\/product_tag?post=5776"}],"curies":[{"name":"wp","href":"https:\/\/api.w.org\/{rel}","templated":true}]}}