{"id":5775,"date":"2026-03-17T11:23:38","date_gmt":"2026-03-17T11:23:38","guid":{"rendered":"https:\/\/perfumaessence.com\/product\/inbisat-parfum-floral-musque-inspire-par-her-burberry-de-burberry\/"},"modified":"2026-04-03T05:37:40","modified_gmt":"2026-04-03T05:37:40","slug":"inbisat-parfum-floral-musque-inspire-par-her-burberry-de-burberry","status":"publish","type":"product","link":"https:\/\/perfumaessence.com\/ary\/product\/inbisat-parfum-floral-musque-inspire-par-her-burberry-de-burberry\/","title":{"rendered":"Inbisat \u2013 Parfum floral musqu\u00e9 inspir\u00e9 par Her Burberry de Burberry"},"content":{"rendered":"<p>L&rsquo;\u00e9panouissement joyeux \u2014 une composition fruit\u00e9e et musqu\u00e9e qui c\u00e9l\u00e8bre la f\u00e9minit\u00e9 dans sa version la plus libre. Inbisat est un parfum floral musqu\u00e9 f\u00e9minin aux notes de fruits rouges et de musc doux, p\u00e9tillant et raffin\u00e9. Un parfum femme moderne id\u00e9al pour exprimer sa personnalit\u00e9 avec l\u00e9g\u00e8ret\u00e9.<\/p>","protected":false},"excerpt":{"rendered":"<p>L&rsquo;\u00e9panouissement joyeux \u2014 une composition fruit\u00e9e et musqu\u00e9e qui c\u00e9l\u00e8bre la f\u00e9minit\u00e9 dans sa version la plus libre. Inbisat est un parfum floral musqu\u00e9 f\u00e9minin aux notes de fruits rouges et de musc doux, p\u00e9tillant et raffin\u00e9. Un parfum femme moderne id\u00e9al pour exprimer sa personnalit\u00e9 avec l\u00e9g\u00e8ret\u00e9.<\/p>","protected":false},"featured_media":5653,"comment_status":"open","ping_status":"closed","template":"","meta":{"om_disable_all_campaigns":false,"_monsterinsights_skip_tracking":false,"_monsterinsights_sitenote_active":false,"_monsterinsights_sitenote_note":"","_monsterinsights_sitenote_category":0},"product_brand":[137],"product_cat":[55],"product_tag":[110,101],"class_list":{"0":"post-5775","1":"product","2":"type-product","3":"status-publish","4":"has-post-thumbnail","6":"product_brand-22-burberry","7":"product_cat-femme","8":"product_tag-1-feminin-classique","9":"product_tag-1-floral","11":"first","12":"instock","13":"taxable","14":"shipping-taxable","15":"purchasable","16":"product-type-simple"},"_links":{"self":[{"href":"https:\/\/perfumaessence.com\/ary\/wp-json\/wp\/v2\/product\/5775","targetHints":{"allow":["GET"]}}],"collection":[{"href":"https:\/\/perfumaessence.com\/ary\/wp-json\/wp\/v2\/product"}],"about":[{"href":"https:\/\/perfumaessence.com\/ary\/wp-json\/wp\/v2\/types\/product"}],"replies":[{"embeddable":true,"href":"https:\/\/perfumaessence.com\/ary\/wp-json\/wp\/v2\/comments?post=5775"}],"version-history":[{"count":0,"href":"https:\/\/perfumaessence.com\/ary\/wp-json\/wp\/v2\/product\/5775\/revisions"}],"wp:featuredmedia":[{"embeddable":true,"href":"https:\/\/perfumaessence.com\/ary\/wp-json\/wp\/v2\/media\/5653"}],"wp:attachment":[{"href":"https:\/\/perfumaessence.com\/ary\/wp-json\/wp\/v2\/media?parent=5775"}],"wp:term":[{"taxonomy":"product_brand","embeddable":true,"href":"https:\/\/perfumaessence.com\/ary\/wp-json\/wp\/v2\/product_brand?post=5775"},{"taxonomy":"product_cat","embeddable":true,"href":"https:\/\/perfumaessence.com\/ary\/wp-json\/wp\/v2\/product_cat?post=5775"},{"taxonomy":"product_tag","embeddable":true,"href":"https:\/\/perfumaessence.com\/ary\/wp-json\/wp\/v2\/product_tag?post=5775"}],"curies":[{"name":"wp","href":"https:\/\/api.w.org\/{rel}","templated":true}]}}