{"id":5774,"date":"2026-03-17T11:23:38","date_gmt":"2026-03-17T11:23:38","guid":{"rendered":"https:\/\/perfumaessence.com\/product\/belle-caresse-parfum-floral-gourmand-inspire-par-la-vie-est-belle-de-lancome\/"},"modified":"2026-04-03T05:37:40","modified_gmt":"2026-04-03T05:37:40","slug":"belle-caresse-parfum-floral-gourmand-inspire-par-la-vie-est-belle-de-lancome","status":"publish","type":"product","link":"https:\/\/perfumaessence.com\/ary\/product\/belle-caresse-parfum-floral-gourmand-inspire-par-la-vie-est-belle-de-lancome\/","title":{"rendered":"Belle Caresse \u2013 Parfum floral gourmand inspir\u00e9 par La Vie Est Belle de Lanc\u00f4me"},"content":{"rendered":"<p>La caresse d&rsquo;une vie belle \u2014 iris sucr\u00e9, praline chaleureuse et fleur lumineuse r\u00e9unis dans une composition rayonnante. Belle Caresse est un parfum floral gourmand f\u00e9minin d&rsquo;une douceur addictive et d&rsquo;un raffinement intemporel. Un parfum femme luxueux et enveloppant, parfait pour toutes les occasions.<\/p>","protected":false},"excerpt":{"rendered":"<p>La caresse d&rsquo;une vie belle \u2014 iris sucr\u00e9, praline chaleureuse et fleur lumineuse r\u00e9unis dans une composition rayonnante. Belle Caresse est un parfum floral gourmand f\u00e9minin d&rsquo;une douceur addictive et d&rsquo;un raffinement intemporel. Un parfum femme luxueux et enveloppant, parfait pour toutes les occasions.<\/p>","protected":false},"featured_media":5646,"comment_status":"open","ping_status":"closed","template":"","meta":{"om_disable_all_campaigns":false,"_monsterinsights_skip_tracking":false,"_monsterinsights_sitenote_active":false,"_monsterinsights_sitenote_note":"","_monsterinsights_sitenote_category":0},"product_brand":[126],"product_cat":[55],"product_tag":[112,101],"class_list":{"0":"post-5774","1":"product","2":"type-product","3":"status-publish","4":"has-post-thumbnail","6":"product_brand-11-lancome","7":"product_cat-femme","8":"product_tag-3-feminin-luxe-signature","9":"product_tag-1-floral","11":"first","12":"instock","13":"taxable","14":"shipping-taxable","15":"purchasable","16":"product-type-simple"},"_links":{"self":[{"href":"https:\/\/perfumaessence.com\/ary\/wp-json\/wp\/v2\/product\/5774","targetHints":{"allow":["GET"]}}],"collection":[{"href":"https:\/\/perfumaessence.com\/ary\/wp-json\/wp\/v2\/product"}],"about":[{"href":"https:\/\/perfumaessence.com\/ary\/wp-json\/wp\/v2\/types\/product"}],"replies":[{"embeddable":true,"href":"https:\/\/perfumaessence.com\/ary\/wp-json\/wp\/v2\/comments?post=5774"}],"version-history":[{"count":0,"href":"https:\/\/perfumaessence.com\/ary\/wp-json\/wp\/v2\/product\/5774\/revisions"}],"wp:featuredmedia":[{"embeddable":true,"href":"https:\/\/perfumaessence.com\/ary\/wp-json\/wp\/v2\/media\/5646"}],"wp:attachment":[{"href":"https:\/\/perfumaessence.com\/ary\/wp-json\/wp\/v2\/media?parent=5774"}],"wp:term":[{"taxonomy":"product_brand","embeddable":true,"href":"https:\/\/perfumaessence.com\/ary\/wp-json\/wp\/v2\/product_brand?post=5774"},{"taxonomy":"product_cat","embeddable":true,"href":"https:\/\/perfumaessence.com\/ary\/wp-json\/wp\/v2\/product_cat?post=5774"},{"taxonomy":"product_tag","embeddable":true,"href":"https:\/\/perfumaessence.com\/ary\/wp-json\/wp\/v2\/product_tag?post=5774"}],"curies":[{"name":"wp","href":"https:\/\/api.w.org\/{rel}","templated":true}]}}