{"id":5773,"date":"2026-03-17T11:23:38","date_gmt":"2026-03-17T11:23:38","guid":{"rendered":"https:\/\/perfumaessence.com\/product\/zephyrine-parfum-floral-leger-inspire-par-levidence-de-yves-rocher\/"},"modified":"2026-04-03T05:37:40","modified_gmt":"2026-04-03T05:37:40","slug":"zephyrine-parfum-floral-leger-inspire-par-levidence-de-yves-rocher","status":"publish","type":"product","link":"https:\/\/perfumaessence.com\/ary\/product\/zephyrine-parfum-floral-leger-inspire-par-levidence-de-yves-rocher\/","title":{"rendered":"Zephyrine \u2013 Parfum floral l\u00e9ger inspir\u00e9 par L&rsquo;\u00c9vidence de Yves Rocher"},"content":{"rendered":"<p>Inspir\u00e9 du z\u00e9phyr, ce vent doux et floral incarne une f\u00e9minit\u00e9 l\u00e9g\u00e8re et naturelle. Zephyrine est un parfum floral f\u00e9minin aux notes vertes et fruit\u00e9es, frais comme une brise printani\u00e8re. Une fragrance f\u00e9minine classique id\u00e9ale pour un parfum du quotidien, l\u00e9g\u00e8re et \u00e9l\u00e9gante.<\/p>","protected":false},"excerpt":{"rendered":"<p>Inspir\u00e9 du z\u00e9phyr, ce vent doux et floral incarne une f\u00e9minit\u00e9 l\u00e9g\u00e8re et naturelle. Zephyrine est un parfum floral f\u00e9minin aux notes vertes et fruit\u00e9es, frais comme une brise printani\u00e8re. Une fragrance f\u00e9minine classique id\u00e9ale pour un parfum du quotidien, l\u00e9g\u00e8re et \u00e9l\u00e9gante.<\/p>","protected":false},"featured_media":5680,"comment_status":"open","ping_status":"closed","template":"","meta":{"om_disable_all_campaigns":false,"_monsterinsights_skip_tracking":false,"_monsterinsights_sitenote_active":false,"_monsterinsights_sitenote_note":"","_monsterinsights_sitenote_category":0},"product_brand":[125],"product_cat":[55],"product_tag":[110,101],"class_list":{"0":"post-5773","1":"product","2":"type-product","3":"status-publish","4":"has-post-thumbnail","6":"product_brand-10-yves-rocher","7":"product_cat-femme","8":"product_tag-1-feminin-classique","9":"product_tag-1-floral","11":"first","12":"instock","13":"taxable","14":"shipping-taxable","15":"purchasable","16":"product-type-simple"},"_links":{"self":[{"href":"https:\/\/perfumaessence.com\/ary\/wp-json\/wp\/v2\/product\/5773","targetHints":{"allow":["GET"]}}],"collection":[{"href":"https:\/\/perfumaessence.com\/ary\/wp-json\/wp\/v2\/product"}],"about":[{"href":"https:\/\/perfumaessence.com\/ary\/wp-json\/wp\/v2\/types\/product"}],"replies":[{"embeddable":true,"href":"https:\/\/perfumaessence.com\/ary\/wp-json\/wp\/v2\/comments?post=5773"}],"version-history":[{"count":0,"href":"https:\/\/perfumaessence.com\/ary\/wp-json\/wp\/v2\/product\/5773\/revisions"}],"wp:featuredmedia":[{"embeddable":true,"href":"https:\/\/perfumaessence.com\/ary\/wp-json\/wp\/v2\/media\/5680"}],"wp:attachment":[{"href":"https:\/\/perfumaessence.com\/ary\/wp-json\/wp\/v2\/media?parent=5773"}],"wp:term":[{"taxonomy":"product_brand","embeddable":true,"href":"https:\/\/perfumaessence.com\/ary\/wp-json\/wp\/v2\/product_brand?post=5773"},{"taxonomy":"product_cat","embeddable":true,"href":"https:\/\/perfumaessence.com\/ary\/wp-json\/wp\/v2\/product_cat?post=5773"},{"taxonomy":"product_tag","embeddable":true,"href":"https:\/\/perfumaessence.com\/ary\/wp-json\/wp\/v2\/product_tag?post=5773"}],"curies":[{"name":"wp","href":"https:\/\/api.w.org\/{rel}","templated":true}]}}