{"id":5772,"date":"2026-03-17T11:23:38","date_gmt":"2026-03-17T11:23:38","guid":{"rendered":"https:\/\/perfumaessence.com\/product\/nesma-rose-parfum-floral-elegant-inspire-par-mon-paris-de-yves-saint-laurent\/"},"modified":"2026-04-03T05:37:40","modified_gmt":"2026-04-03T05:37:40","slug":"nesma-rose-parfum-floral-elegant-inspire-par-mon-paris-de-yves-saint-laurent","status":"publish","type":"product","link":"https:\/\/perfumaessence.com\/ary\/product\/nesma-rose-parfum-floral-elegant-inspire-par-mon-paris-de-yves-saint-laurent\/","title":{"rendered":"Nesma Rose \u2013 Parfum floral \u00e9l\u00e9gant inspir\u00e9 par Mon Paris de Yves Saint Laurent"},"content":{"rendered":"<p>La brise parfum\u00e9e qui effleure les jardins de roses de la vall\u00e9e du Dad\u00e8s \u2014 douce, enveloppante et profond\u00e9ment romantique. Nesma Rose est un parfum floral f\u00e9minin aux accords de rose et de fruits frais, signature d&rsquo;une f\u00e9minit\u00e9 lumineuse et raffin\u00e9e. Id\u00e9al comme parfum femme signature pour un usage quotidien ou une occasion \u00e9l\u00e9gante.<\/p>","protected":false},"excerpt":{"rendered":"<p>La brise parfum\u00e9e qui effleure les jardins de roses de la vall\u00e9e du Dad\u00e8s \u2014 douce, enveloppante et profond\u00e9ment romantique. Nesma Rose est un parfum floral f\u00e9minin aux accords de rose et de fruits frais, signature d&rsquo;une f\u00e9minit\u00e9 lumineuse et raffin\u00e9e. Id\u00e9al comme parfum femme signature pour un usage quotidien [&hellip;]<\/p>\n","protected":false},"featured_media":5661,"comment_status":"open","ping_status":"closed","template":"","meta":{"om_disable_all_campaigns":false,"_monsterinsights_skip_tracking":false,"_monsterinsights_sitenote_active":false,"_monsterinsights_sitenote_note":"","_monsterinsights_sitenote_category":0},"product_brand":[99],"product_cat":[55],"product_tag":[112,101],"class_list":{"0":"post-5772","1":"product","2":"type-product","3":"status-publish","4":"has-post-thumbnail","6":"product_brand-02-yves-saint-laurent","7":"product_cat-femme","8":"product_tag-3-feminin-luxe-signature","9":"product_tag-1-floral","11":"first","12":"instock","13":"taxable","14":"shipping-taxable","15":"purchasable","16":"product-type-simple"},"_links":{"self":[{"href":"https:\/\/perfumaessence.com\/ary\/wp-json\/wp\/v2\/product\/5772","targetHints":{"allow":["GET"]}}],"collection":[{"href":"https:\/\/perfumaessence.com\/ary\/wp-json\/wp\/v2\/product"}],"about":[{"href":"https:\/\/perfumaessence.com\/ary\/wp-json\/wp\/v2\/types\/product"}],"replies":[{"embeddable":true,"href":"https:\/\/perfumaessence.com\/ary\/wp-json\/wp\/v2\/comments?post=5772"}],"version-history":[{"count":0,"href":"https:\/\/perfumaessence.com\/ary\/wp-json\/wp\/v2\/product\/5772\/revisions"}],"wp:featuredmedia":[{"embeddable":true,"href":"https:\/\/perfumaessence.com\/ary\/wp-json\/wp\/v2\/media\/5661"}],"wp:attachment":[{"href":"https:\/\/perfumaessence.com\/ary\/wp-json\/wp\/v2\/media?parent=5772"}],"wp:term":[{"taxonomy":"product_brand","embeddable":true,"href":"https:\/\/perfumaessence.com\/ary\/wp-json\/wp\/v2\/product_brand?post=5772"},{"taxonomy":"product_cat","embeddable":true,"href":"https:\/\/perfumaessence.com\/ary\/wp-json\/wp\/v2\/product_cat?post=5772"},{"taxonomy":"product_tag","embeddable":true,"href":"https:\/\/perfumaessence.com\/ary\/wp-json\/wp\/v2\/product_tag?post=5772"}],"curies":[{"name":"wp","href":"https:\/\/api.w.org\/{rel}","templated":true}]}}